{"id":2652,"date":"2021-11-06T23:28:57","date_gmt":"2021-11-06T22:28:57","guid":{"rendered":"https:\/\/spajz.sk\/o-nas\/"},"modified":"2023-03-20T22:01:55","modified_gmt":"2023-03-20T21:01:55","slug":"rolunk","status":"publish","type":"page","link":"https:\/\/spajz.sk\/hu\/rolunk\/","title":{"rendered":"R\u00f3lunk"},"content":{"rendered":"\n\n<section class=\"obrazok-text\">\n\t<div class=\"container container_small\">\n\t\t<div class=\"row\">\n\n\t\t\t<div class=\"col-md-6 image-wrapper\">\n\t\t\t\t\t\t\t\t\t<h1>Sz\u00fcl\u0151f\u00f6ld\u00fcnk kultur\u00e1lis \u00e9s gasztron\u00f3miai port\u00e1lja <\/h1>\n\t\t\t\t\t\t\t\t<div class=\"biggerp\">\n\t\t\t\t\t\t\t\t\t\t\t<p>SP\u00c1JZ\u00a0 &#8211;&nbsp;A&nbsp;becsu\u0308letes term\u00e9kek e\u0301s az e\u0301rte\u0301kes emberi tala\u0301lkoza\u0301sok szi\u0301nhelye, szake\u0301rto\u030bi komolysa\u0301ggal vagy e\u0301ppen csak ellazi\u0301to\u0301an, u\u0308de\u0301n.<\/p>\n\t\t\t\t\t\t\t\t\t<\/div>\n\t\t\t\t<div class=\"divp\">\n\t\t\t\t\t<p>A port\u00e1l c\u00e9lja min\u0151s\u00e9gi \u00e9s naprak\u00e9sz \u00f6sszefoglal\u00f3t ny\u00fajtani a&nbsp;csall\u00f3k\u00f6zi \u00e9s a&nbsp;tov\u00e1bbi d\u00e9l-szlov\u00e1kiai, valamint a&nbsp;hat\u00e1rmenti r\u00e9gi\u00f3 kultur\u00e1lis \u00e9s gasztron\u00f3miai \u00e9rdekess\u00e9geir\u0151l, szellemi \u00e9s kulin\u00e1ris kincseir\u0151l.<\/p>\n\t\t\t\t\t\t\t\t\t<\/div>\n\t\t\t\t<\/div>\n\t\t\t\t<div class=\"col-12 col-md-6\">\n\t\t\t\t\t<div class=\"img_background\" style=\"background-image:url(https:\/\/spajz.sk\/wp-content\/uploads\/2021\/11\/ILUSTARCNE-FOTKY3.png);height: 100%;background-repeat:no-repeat;\">\n\t\t\t\t\t<\/div>\n\t\t\t\t<\/div>\n\t\t\t<\/div>\n\t\t<\/div>\n<\/section>\n\n<style>\n\t.about2 .before-this:before {\n\t\tbackground-image: url();\n\t}\n<\/style>\n\n\r\n<section class=\"tri-horizontal-cta\">\r\n\t<div class=\"container container_small\">\r\n\t\t<div class=\"row\">\r\n\t\t\t<div class=\"col-md-4\">\r\n\t\t\t\t<div class=\"item item_3\" style=\"background-image:url('https:\/\/spajz.sk\/wp-content\/uploads\/2021\/11\/Snimka-obrazovky-2021-04-14-o-17.20.59.png')\">\r\n\t\t\t\t\t<a class=\"_link\"  href=\"#\" class=\"caption\">\r\n\t\t\t\t\t\t<div>\r\n\t\t\t\t\t\t\t<h3>\r\n\t\t\t\t\t\t\t\t<span>\r\n\t\t\t\t\t\t\t\t\t\t\t\t\t\t\t\t\t<\/span>\r\n\t\t\t\t\t\t\t\tPre\u010do \u0160PAJZ?\t\t\t\t\t\t\t<\/h3>\r\n\t\t\t\t\t\t\t<div class=\"text_3\">\r\n\t\t\t\t\t\t\t\tZISTI\u0164\t\t\t\t\t\t\t\t<svg aria-hidden=\"true\" focusable=\"false\" data-prefix=\"fas\" data-icon=\"arrow-right\" class=\"svg-inline--fa fa-arrow-right fa-w-14\" role=\"img\" xmlns=\"http:\/\/www.w3.org\/2000\/svg\" viewBox=\"0 0 448 512\"><path fill=\"currentColor\" d=\"M190.5 66.9l22.2-22.2c9.4-9.4 24.6-9.4 33.9 0L441 239c9.4 9.4 9.4 24.6 0 33.9L246.6 467.3c-9.4 9.4-24.6 9.4-33.9 0l-22.2-22.2c-9.5-9.5-9.3-25 .4-34.3L311.4 296H24c-13.3 0-24-10.7-24-24v-32c0-13.3 10.7-24 24-24h287.4L190.9 101.2c-9.8-9.3-10-24.8-.4-34.3z\"><\/path><\/svg>\r\n\t\t\t\t\t\t\t<\/div>\r\n\t\t\t\t\t\t<\/div>\r\n\r\n\t\t\t\t\t<\/a>\r\n\t\t\t\t<\/div>\r\n\t\t\t<\/div>\r\n\t\t\t<div class=\"col-md-4\">\r\n\t\t\t\t<div class=\"item item_3\" style=\"background-image:url('https:\/\/spajz.sk\/wp-content\/uploads\/2021\/11\/ILUSTARCNE-FOTKY1.png')\">\r\n\t\t\t\t\t<a class=\"_link\"  href=\"\/hu\/egeszseg\/\" class=\"caption\">\r\n\t\t\t\t\t\t<div>\r\n\t\t\t\t\t\t\t<h3>\r\n\t\t\t\t\t\t\t<span>\r\n\t\t\t\t\t\t\t\t\t\t\t\t\t\t\t<\/span>\r\n\t\t\t\t\t\t\tEg\u00e9szs\u00e9g\t\t\t\t\t\t<\/h3>\r\n\t\t\t\t\t\t<div class=\"text_3\">\r\n\t\t\t\t\t\t\tMegn\u00e9zem\t\t\t\t\t\t\t<svg aria-hidden=\"true\" focusable=\"false\" data-prefix=\"fas\" data-icon=\"arrow-right\" class=\"svg-inline--fa fa-arrow-right fa-w-14\" role=\"img\" xmlns=\"http:\/\/www.w3.org\/2000\/svg\" viewBox=\"0 0 448 512\"><path fill=\"currentColor\" d=\"M190.5 66.9l22.2-22.2c9.4-9.4 24.6-9.4 33.9 0L441 239c9.4 9.4 9.4 24.6 0 33.9L246.6 467.3c-9.4 9.4-24.6 9.4-33.9 0l-22.2-22.2c-9.5-9.5-9.3-25 .4-34.3L311.4 296H24c-13.3 0-24-10.7-24-24v-32c0-13.3 10.7-24 24-24h287.4L190.9 101.2c-9.8-9.3-10-24.8-.4-34.3z\"><\/path><\/svg>\r\n\t\t\t\t\t\t<\/div>\r\n\t\t\t\t\t\t<\/div>\r\n\t\t\t\t\t<\/a>\r\n\t\t\t\t<\/div>\r\n\t\t\t<\/div>\r\n\t\t\t<div class=\"col-md-4\">\r\n\t\t\t\t<div class=\"item item_3\" style=\"background-image:url('https:\/\/spajz.sk\/wp-content\/uploads\/2021\/11\/ILUSTARCNE-FOTKY-2.png')\">\r\n\t\t\t\t\t<a  class=\"_link\" href=\"#\" class=\"caption\">\r\n\t\t\t\t\t\t<div>\r\n\t\t\t\t\t\t\t<h3>\r\n\t\t\t\t\t\t\t<span>\r\n\t\t\t\t\t\t\t\t\t\t\t\t\t\t\t<\/span>\r\n\t\t\t\t\t\t\tPre\u010do my?\t\t\t\t\t\t<\/h3>\r\n\t\t\t\t\t\t<div class=\"text_3\">\r\n\t\t\t\t\t\t\tZISTI\u0164\t\t\t\t\t\t\t<svg aria-hidden=\"true\" focusable=\"false\" data-prefix=\"fas\" data-icon=\"arrow-right\" class=\"svg-inline--fa fa-arrow-right fa-w-14\" role=\"img\" xmlns=\"http:\/\/www.w3.org\/2000\/svg\" viewBox=\"0 0 448 512\"><path fill=\"currentColor\" d=\"M190.5 66.9l22.2-22.2c9.4-9.4 24.6-9.4 33.9 0L441 239c9.4 9.4 9.4 24.6 0 33.9L246.6 467.3c-9.4 9.4-24.6 9.4-33.9 0l-22.2-22.2c-9.5-9.5-9.3-25 .4-34.3L311.4 296H24c-13.3 0-24-10.7-24-24v-32c0-13.3 10.7-24 24-24h287.4L190.9 101.2c-9.8-9.3-10-24.8-.4-34.3z\"><\/path><\/svg>\r\n\t\t\t\t\t\t<\/div>\r\n\t\t\t\t\t\t<\/div>\r\n\t\t\t\t\t<\/a>\r\n\t\t\t\t<\/div>\r\n\t\t\t<\/div>\r\n\t\t<\/div>\r\n\r\n\r\n\r\n\t<\/div>\r\n<\/section>\r\n\r\n<script>\r\n\t$('.item.item_3').height($('.item.item_3').width()*0.65);\r\n\r\n<\/script>\r\n\r\n\r\n\n\n\n<section class=\"jednoduchy_paragraph\">\n\t<div class=\"container \">\n\t\t<div class=\"row\">\n\t\t\t<div class=\"col-12\">\n\t\t\t\t<p>A\u00a0sp\u00e1jznak, vagy az \u00e9l\u00e9skamr\u00e1nak mostans\u00e1g is nagyobb a\u00a0jelent\u0151s\u00e9ge ann\u00e1l, amint azt sokan gondolj\u00e1k.<\/p>\n<p>Illusztr\u00e1ci\u00f3k\u00e9nt nem ritka mai csal\u00e1di t\u00f6rt\u00e9net: Haza\u00e9rkezik a\u00a0feles\u00e9g \u00e9s megk\u00e9rdi a\u00a0f\u00e9rj\u00e9t\u0151l: \u201e<em>Mi legyen ma vacsor\u00e1ra?\u201c Mire a\u00a0f\u00e9rje: \u201eFogalmam sincs, de bekukkantok a\u00a0sp\u00e1jzba, \u00a0ott minden megvan a\u00a0j\u00f3 vacsihoz\u201c<\/em><\/p>\n<p><strong>Mi is\u00a0 sokf\u00e9le term\u00e9kkel, szellemi \u00e9s kulin\u00e1ris \u00e9rt\u00e9kekkel megrakott virtu\u00e1lis SP\u00c1JZOT aj\u00e1nljuk az \u00d6n\u00f6k figyelm\u00e9be<\/strong>, ahova \u00e9rdemes rendszeresen betekinteni, v\u00e1s\u00e1rolni, mert becs\u00fcletes, h\u00e1zt\u00e1ji, \u00a0k\u00fcl\u00f6nleges, \u00edzletes \u00a0\u00e9s eg\u00e9szs\u00e9ges \u00e9lelmiszereket k\u00edn\u00e1l. Ez a\u00a0r\u00e9gi\u00f3 orsz\u00e1gunk egyik kiv\u00e1l\u00f3 \u00e9l\u00e9skamr\u00e1ja, ahol min\u0151s\u00e9gi tejterm\u00e9ket, h\u00fasf\u00e9l\u00e9keket, felv\u00e1gottakat, borokat, h\u00e1zi bef\u0151tteket, savany\u00fas\u00e1gokat,\u00a0 h\u00e1zi k\u00e9sz\u00edt\u00e9s\u0171 t\u00e9szt\u00e1kat, nasikat \u00e9s eg\u00e9szs\u00e9gtudatos port\u00e9k\u00e1kat k\u00edn\u00e1lnak.<\/p>\n\t\t\t<\/div>\n\t\t<\/div>\n\t<\/div>\n<\/section>\n\n\n\n<section class=\"obrazok-text\">\n\t<div class=\"container container_small\">\n\t\t<div class=\"row\">\n\t\t\t<div class=\"col-12 col-md-6\">\n\t\t\t\t<div class=\"img_background\" style=\"background-image:url(https:\/\/spajz.sk\/wp-content\/uploads\/2021\/11\/ILUSTARCNE-FOTKY-2.png);height: 100%;background-repeat:no-repeat;\">\n\t\t\t\t<\/div>\n\t\t\t<\/div>\n\t\t\t<div class=\"col-md-6 image-wrapper\">\n\t\t\t\t\t\t\t\t<div class=\"biggerp\">\n\t\t\t\t\t\t\t\t\t<\/div>\n\t\t\t\t<div class=\"divp\">\n\t\t\t\t\t<p><strong>Szerencs\u00e9re m\u00e1ra m\u00e1r egyre t\u00f6bb ember ismeri fel, hogy fontos az asztalra ker\u00fcl\u0151 \u00e9telek min\u0151s\u00e9ge \u00e9s sz\u00e1rmaz\u00e1si helye.\u00a0<\/strong><\/p>\n<p>A frissen f\u0151tt eper \u00e9s baracklekv\u00e1r illata akkor a&nbsp;leg\u00e9desebb, ha a&nbsp;nagymam\u00e1nk konyh\u00e1j\u00e1ban sz\u00e1ll. Milyen j\u00f3 lenne, ha minden nap olyan bef\u0151ttet bonthatn\u00e1nk, amelynek a&nbsp;tetej\u00e9re a&nbsp;nagyink saj\u00e1t kez\u0171leg k\u00f6t\u00f6tte a&nbsp;masnit! Mert az a&nbsp;masni arra is szolg\u00e1l, hogy r\u00f6gt\u00f6n \u00e9szrevegy\u00fck: szeretettel k\u00e9sz\u00fclt.<\/p>\n<p>De j\u00f3 volna, mindig ilyen finoms\u00e1gokat enni, de j\u00f3 lenne, ha mindig a&nbsp;nagymama spajz\u00e9be mehetn\u00e9nk bef\u0151ttet v\u00e1logatni, f\u00fcst\u00f6lt kolb\u00e1szt csenni! De hol van m\u00e1r az a&nbsp;kert, hol van m\u00e1r az a&nbsp;ny\u00e1r?<\/p>\n<p>Lelkes csapatunk olyan csemeg\u00e9ket gy\u0171jt \u00f6ssze, amelyek \u00e9ppen olyan lelkiismeretesen, szeretettel k\u00e9sz\u00fcltek, mint amelyre gyermekkorunkb\u00f3l eml\u00e9kez\u00fcnk. Az eperlekv\u00e1rban a&nbsp;meleg naps\u00fct\u00e9s, a&nbsp;f\u00fcst\u00f6lt finoms\u00e1gokr\u00f3l pedig a&nbsp;nagypapa kedves kacag\u00e1sa jut esz\u00fcnkbe.<\/p>\n\t\t\t\t\t\t\t\t\t<\/div>\n\t\t\t\t<\/div>\n\t\t\t<\/div>\n\t\t<\/div>\n<\/section>\n\n<style>\n\t.about2 .before-this:before {\n\t\tbackground-image: url();\n\t}\n<\/style>\n\n\n<section class=\"jednoduchy_paragraph\">\n\t<div class=\"container \">\n\t\t<div class=\"row\">\n\t\t\t<div class=\"col-12\">\n\t\t\t\t<p>A lekv\u00e1rok, bef\u0151ttek, \u00edzlel\u0151bimb\u00f3inkat k\u00e9nyeztet\u0151 remekek nem utazz\u00e1k k\u00f6rbe a&nbsp;f\u00e9l vil\u00e1got, nem nyomt\u00e1k tele \u0151ket \u201eki tudja mif\u00e9le\u201d tart\u00f3s\u00edt\u00f3kkal, sz\u00ednez\u0151 anyagokkal \u00e9s egy\u00e9b r\u00e9ms\u00e9gekkel.<\/p>\n<p>Roskad\u00f3 polcaink finoms\u00e1gai a&nbsp;legnagyobb gondoss\u00e1ggal k\u00e9sz\u00fclnek, \u00e9ppen \u00fagy, mint amikor valaki a&nbsp;saj\u00e1t szeretteinek s\u00fct-f\u0151z. \u00cdgy tal\u00e1lkozik a&nbsp;min\u0151s\u00e9g, a&nbsp;megb\u00edzhat\u00f3s\u00e1ggal.<\/p>\n<p>Minden t\u00falz\u00e1st\u00f3l mentes az al\u00e1bbi meg\u00e1llap\u00edt\u00e1s:<\/p>\n<p>D\u00e9l-Szlov\u00e1ki\u00e1t \u00e9s a\u00a0hat\u00e1rmenti r\u00e9gi\u00f3t <strong>sok szorgalmas \u00e9s kreat\u00edv gazda jellemzi. Ez a\u00a0r\u00e9gi\u00f3 gazdag \u00e9s v\u00e1ltozatos szezon\u00e1lis \u00e9telek, italok t\u00e1rh\u00e1za, amelyekkel tele az \u00e9l\u00e9skamra. <\/strong>Mindezek eml\u00e9kezetes gasztron\u00f3miai \u00e9lm\u00e9nnyel aj\u00e1nd\u00e9kozz\u00e1k meg az \u00e9rdekl\u0151d\u0151ket.<\/p>\n<p>Legyen \u00e1lland\u00f3 l\u00e1togat\u00f3nk. Szeretettel v\u00e1rjuk!<\/p>\n\t\t\t<\/div>\n\t\t<\/div>\n\t<\/div>\n<\/section>\n\n\n\n<section class=\"uzky_obrazok\">\n\t<div class=\"container container_small\">\n\t\t<div class=\"row\">\n\t\t\t<div class=\"col-12\">\n\t\t\t\t<div class=\"obrazok\" style=\"background-image:url(https:\/\/spajz.sk\/wp-content\/uploads\/2021\/11\/ILUSTARCNE-FOTKY-2.png)\">\n\n\t\t\t\t<\/div>\n\t\t\t<\/div>\n\t\t<\/div>\n\t<\/div>\n<\/section>\n\n\n\n<section class=\"jednoduchy_paragraph\">\n\t<div class=\"container \">\n\t\t<div class=\"row\">\n\t\t\t<div class=\"col-12\">\n\t\t\t\t<h2>Az eg\u00e9szs\u00e9gtudatos t\u00e1pl\u00e1lkoz\u00e1s<\/h2>\n<p>Ahhoz, hogy ezeket az eg\u00e9szs\u00e9ges term\u00e9keket beszerezz\u00fck t\u00f6bb piacot kellene megl\u00e1togatni, helyi termel\u0151kkel kapcsolatot tartani<strong><em>\u2026ez mind id\u0151 \u00e9s p\u00e9nz.<\/em><\/strong><\/p>\n<p>Mi, a&nbsp;Spajz\u00a0csapata igyekezt\u00fcnk felkeresni n\u00e9h\u00e1ny olyan megb\u00edzhat\u00f3, ellen\u0151rz\u00f6tt gazdas\u00e1got, termel\u0151t a\u00a0d\u00e9l szlov\u00e1kiai valamint a\u00a0hat\u00e1rmenti r\u00e9gi\u00f3b\u00f3l, akik a&nbsp;saj\u00e1t maguk \u00e1ltal megtermelt alapanyagokat dolgozz\u00e1k fel \u2013 \u00edgy ker\u00fclhetnek a&nbsp;r\u00e9g elfeledett \u00edzek az eg\u00e9szs\u00e9gtudatos t\u00e1pl\u00e1lkoz\u00e1s h\u00edv\u0151j\u00e9nek asztal\u00e1ra.<\/p>\n<p>C\u00e9lunk az, hogy k\u00f6nnyed\u00e9n hozz\u00e1juthasson mindenki ezekhez a&nbsp;term\u00e9kekhez, valamint a&nbsp;helyi termel\u0151k gazdas\u00e1g\u00e1nak fellend\u00edt\u00e9se is nagyon fontos sz\u00e1munkra. Hiszen ha a&nbsp;termel\u0151k nem tudj\u00e1k port\u00e9k\u00e1ikat \u00e9rt\u00e9kes\u00edteni a&nbsp;sz\u00e1mukra megfelel\u0151 \u00e1ron, f\u00e9l\u0151, hogy id\u0151vel megsz\u0171nnek majd ezek a&nbsp;k\u00e9zm\u0171ves t\u00f6rekv\u00e9sek!<\/p>\n<p>A spajz\u00a0oldal\u00e1n megtal\u00e1lhat\u00f3 \u00f6sszes term\u00e9k k\u00f6zvetlen\u00fcl a&nbsp;termel\u0151t\u0151l ker\u00fcl hozz\u00e1nk. Minden nap az\u00e9rt dolgozunk, hogy olyan ell\u00e1t\u00e1si rendszert \u00e9p\u00edts\u00fcnk ki, amiben a&nbsp;beszerz\u00e9si folyamat ler\u00f6vid\u00fcl, de nem megy a&nbsp;min\u0151s\u00e9g rov\u00e1s\u00e1ra.<\/p>\n\t\t\t<\/div>\n\t\t<\/div>\n\t<\/div>\n<\/section>\n\n\n\n<section class=\"uzky_obrazok\">\n\t<div class=\"container container_small\">\n\t\t<div class=\"row\">\n\t\t\t<div class=\"col-12\">\n\t\t\t\t<div class=\"obrazok\" style=\"background-image:url(https:\/\/spajz.sk\/wp-content\/uploads\/2021\/11\/Snimka-obrazovky-2021-04-14-o-17.20.59.png)\">\n\n\t\t\t\t<\/div>\n\t\t\t<\/div>\n\t\t<\/div>\n\t<\/div>\n<\/section>\n\n\n\n<section class=\"jednoduchy_paragraph\">\n\t<div class=\"container \">\n\t\t<div class=\"row\">\n\t\t\t<div class=\"col-12\">\n\t\t\t\t<h2>Mi\u00e9rt a&nbsp;spajz oldal?<\/h2>\n<p>J\u00f3 \u00e9s t\u00e1pl\u00e1l\u00f3 \u00e9tel csakis kiz\u00e1r\u00f3lag min\u0151s\u00e9gi alapanyagok felhaszn\u00e1l\u00e1s\u00e1val k\u00e9sz\u00edthet\u0151. N\u00e1lunk megtal\u00e1lja azokat az \u00edzeket, amelyek a&nbsp;gyerekkorba rep\u00edtenek vissza, \u00e9s azokat az alapanyagokat is, amelyek a&nbsp;fine dining fog\u00e1sok remekm\u0171veinek elk\u00e9sz\u00edt\u00e9s\u00e9hez n\u00e9lk\u00fcl\u00f6zhetetlenek.<\/p>\n<p>Az oldalunkon forgalmazott term\u00e9kek termel\u0151i, gondos odafigyel\u00e9ssel t\u00f6rekednek arra, hogy min\u00e9l magasabb min\u0151s\u00e9gben tudj\u00e1k biztos\u00edtani az \u00e1ltaluk k\u00edn\u00e1lt port\u00e9k\u00e1kat, hogy azok beltartalmi \u00e9rt\u00e9ke a&nbsp;legmagasabb szinten tudja k\u00e9pviselni a&nbsp;v\u00e1ltozatos \u00e9s eg\u00e9szs\u00e9gtudatos t\u00e1pl\u00e1lkoz\u00e1s \u00e9trendj\u00e9t.<\/p>\n<h3>Mi\u00e9rt v\u00e1s\u00e1rolj a&nbsp;mi virtu\u00e1lis termel\u0151i piacunkr\u00f3l?<\/h3>\n<p>Mert az itt megtal\u00e1lhat\u00f3 term\u00e9kek mindegyik\u00e9t gondos kezek k\u00e9sz\u00edtett\u00e9k. Olyan termel\u0151ket kerest\u00fcnk Neked, akik sz\u00e1m\u00e1ra a&nbsp;term\u00e9kek elk\u00e9sz\u00edt\u00e9se, a&nbsp;recept\u00far\u00e1k \u00fajragondol\u00e1sa, a&nbsp;hagyom\u00e1nyok tisztelete, a&nbsp;mesters\u00e9g tov\u00e1bbvitele a&nbsp;szenved\u00e9ly\u00fck. Ez a&nbsp;szenved\u00e9ly garant\u00e1ltan benne van minden term\u00e9k\u00fcnkben, amit a&nbsp;virtu\u00e1lis piacunkon k\u00edn\u00e1lunk.<\/p>\n\t\t\t<\/div>\n\t\t<\/div>\n\t<\/div>\n<\/section>\n","protected":false},"excerpt":{"rendered":"","protected":false},"author":1,"featured_media":0,"parent":0,"menu_order":0,"comment_status":"closed","ping_status":"closed","template":"template-contact.php","meta":{"om_disable_all_campaigns":false,"_monsterinsights_skip_tracking":false,"_monsterinsights_sitenote_active":false,"_monsterinsights_sitenote_note":"","_monsterinsights_sitenote_category":0},"aioseo_notices":[],"yoast_head":"<!-- This site is optimized with the Yoast SEO plugin v17.5 - https:\/\/yoast.com\/wordpress\/plugins\/seo\/ -->\n<meta name=\"robots\" content=\"index, follow, max-snippet:-1, max-image-preview:large, max-video-preview:-1\" \/>\n<link rel=\"canonical\" href=\"https:\/\/spajz.sk\/hu\/rolunk\/\" \/>\n<meta property=\"og:locale\" content=\"hu_HU\" \/>\n<meta property=\"og:type\" content=\"article\" \/>\n<meta property=\"og:title\" content=\"R\u00f3lunk - \u0160pajz\" \/>\n<meta property=\"og:url\" content=\"https:\/\/spajz.sk\/hu\/rolunk\/\" \/>\n<meta property=\"og:site_name\" content=\"\u0160pajz\" \/>\n<meta property=\"article:modified_time\" content=\"2023-03-20T21:01:55+00:00\" \/>\n<meta name=\"twitter:card\" content=\"summary_large_image\" \/>\n<script type=\"application\/ld+json\" class=\"yoast-schema-graph\">{\"@context\":\"https:\/\/schema.org\",\"@graph\":[{\"@type\":\"WebSite\",\"@id\":\"https:\/\/spajz.sk\/#website\",\"url\":\"https:\/\/spajz.sk\/\",\"name\":\"\\u0160pajz\",\"description\":\"Najlep\\u0161ie info z na\\u0161ej \\u0161pajze\",\"potentialAction\":[{\"@type\":\"SearchAction\",\"target\":{\"@type\":\"EntryPoint\",\"urlTemplate\":\"https:\/\/spajz.sk\/?s={search_term_string}\"},\"query-input\":\"required name=search_term_string\"}],\"inLanguage\":\"hu\"},{\"@type\":\"WebPage\",\"@id\":\"https:\/\/spajz.sk\/hu\/rolunk\/#webpage\",\"url\":\"https:\/\/spajz.sk\/hu\/rolunk\/\",\"name\":\"R\\u00f3lunk - \\u0160pajz\",\"isPartOf\":{\"@id\":\"https:\/\/spajz.sk\/#website\"},\"datePublished\":\"2021-11-06T22:28:57+00:00\",\"dateModified\":\"2023-03-20T21:01:55+00:00\",\"breadcrumb\":{\"@id\":\"https:\/\/spajz.sk\/hu\/rolunk\/#breadcrumb\"},\"inLanguage\":\"hu\",\"potentialAction\":[{\"@type\":\"ReadAction\",\"target\":[\"https:\/\/spajz.sk\/hu\/rolunk\/\"]}]},{\"@type\":\"BreadcrumbList\",\"@id\":\"https:\/\/spajz.sk\/hu\/rolunk\/#breadcrumb\",\"itemListElement\":[{\"@type\":\"ListItem\",\"position\":1,\"name\":\"Domovsk\\u00e1 str\\u00e1nka\",\"item\":\"https:\/\/spajz.sk\/hu\/\"},{\"@type\":\"ListItem\",\"position\":2,\"name\":\"R\\u00f3lunk\"}]}]}<\/script>\n<!-- \/ Yoast SEO plugin. -->","yoast_head_json":{"robots":{"index":"index","follow":"follow","max-snippet":"max-snippet:-1","max-image-preview":"max-image-preview:large","max-video-preview":"max-video-preview:-1"},"canonical":"https:\/\/spajz.sk\/hu\/rolunk\/","og_locale":"hu_HU","og_type":"article","og_title":"R\u00f3lunk - \u0160pajz","og_url":"https:\/\/spajz.sk\/hu\/rolunk\/","og_site_name":"\u0160pajz","article_modified_time":"2023-03-20T21:01:55+00:00","twitter_card":"summary_large_image","schema":{"@context":"https:\/\/schema.org","@graph":[{"@type":"WebSite","@id":"https:\/\/spajz.sk\/#website","url":"https:\/\/spajz.sk\/","name":"\u0160pajz","description":"Najlep\u0161ie info z na\u0161ej \u0161pajze","potentialAction":[{"@type":"SearchAction","target":{"@type":"EntryPoint","urlTemplate":"https:\/\/spajz.sk\/?s={search_term_string}"},"query-input":"required name=search_term_string"}],"inLanguage":"hu"},{"@type":"WebPage","@id":"https:\/\/spajz.sk\/hu\/rolunk\/#webpage","url":"https:\/\/spajz.sk\/hu\/rolunk\/","name":"R\u00f3lunk - \u0160pajz","isPartOf":{"@id":"https:\/\/spajz.sk\/#website"},"datePublished":"2021-11-06T22:28:57+00:00","dateModified":"2023-03-20T21:01:55+00:00","breadcrumb":{"@id":"https:\/\/spajz.sk\/hu\/rolunk\/#breadcrumb"},"inLanguage":"hu","potentialAction":[{"@type":"ReadAction","target":["https:\/\/spajz.sk\/hu\/rolunk\/"]}]},{"@type":"BreadcrumbList","@id":"https:\/\/spajz.sk\/hu\/rolunk\/#breadcrumb","itemListElement":[{"@type":"ListItem","position":1,"name":"Domovsk\u00e1 str\u00e1nka","item":"https:\/\/spajz.sk\/hu\/"},{"@type":"ListItem","position":2,"name":"R\u00f3lunk"}]}]}},"_links":{"self":[{"href":"https:\/\/spajz.sk\/hu\/wp-json\/wp\/v2\/pages\/2652"}],"collection":[{"href":"https:\/\/spajz.sk\/hu\/wp-json\/wp\/v2\/pages"}],"about":[{"href":"https:\/\/spajz.sk\/hu\/wp-json\/wp\/v2\/types\/page"}],"author":[{"embeddable":true,"href":"https:\/\/spajz.sk\/hu\/wp-json\/wp\/v2\/users\/1"}],"replies":[{"embeddable":true,"href":"https:\/\/spajz.sk\/hu\/wp-json\/wp\/v2\/comments?post=2652"}],"version-history":[{"count":7,"href":"https:\/\/spajz.sk\/hu\/wp-json\/wp\/v2\/pages\/2652\/revisions"}],"predecessor-version":[{"id":2811,"href":"https:\/\/spajz.sk\/hu\/wp-json\/wp\/v2\/pages\/2652\/revisions\/2811"}],"wp:attachment":[{"href":"https:\/\/spajz.sk\/hu\/wp-json\/wp\/v2\/media?parent=2652"}],"curies":[{"name":"wp","href":"https:\/\/api.w.org\/{rel}","templated":true}]}}