{"id":2340,"date":"2023-04-01T22:47:00","date_gmt":"2023-04-01T20:47:00","guid":{"rendered":"https:\/\/spajz.sk\/zdravie\/"},"modified":"2023-05-02T11:12:29","modified_gmt":"2023-05-02T09:12:29","slug":"egeszseg","status":"publish","type":"page","link":"https:\/\/spajz.sk\/hu\/egeszseg\/","title":{"rendered":"Az eg\u00e9szs\u00e9ges \u00e9letm\u00f3d"},"content":{"rendered":"\n<section class=\"mozaika-kategorie\">\n\t<div class=\"container\">\n\t\t<div class=\"row\">\n\t\t\t<div class=\"col-lg-6\">\n\t\t\t\t<div class=\"big-box\"  style=\"background-image:url(https:\/\/spajz.sk\/wp-content\/uploads\/2022\/01\/ilustracna-fotka-1.png)\">\n\t\t\t\t<div class=\"obsah\">\n\t\t\t\t\t<p class=\"nadpis\">Zdrav\u00e9 stravovacie n\u00e1vyky<\/p>\n\t\t\t\t\t<a href=\"\/zdravie_taxonomy\/zdrave-stravovacie-navyky\/\">Megn\u00e9zem<\/a>\n\t\t\t\t<\/div>\n\n\t\t\t\t<\/div>\n\t\t\t<\/div>\n\t\t\t<div class=\"col-lg-6\">\n\t\t\t\t<div class=\"row\">\n\t\t\t\t\t<div class=\"col-lg-12\">\n\t\t\t\t\t\t<div class=\"long-box\"  style=\"background-image:url(https:\/\/spajz.sk\/wp-content\/uploads\/2022\/03\/titulka.png)\">\n\t\t\t\t\t\t\t<div class=\"obsah\">\n\t\t\t\t\t\t\t\t<p class=\"nadpis\">Na\u0161a<br>dietologi\u010dka<\/p>\n\t\t\t\t\t\t\t\t<a href=\"\/zdravie_taxonomy\/nasa-dietologicka\/\">Megn\u00e9zem<\/a>\n\t\t\t\t\t\t\t<\/div>\n\t\t\t\t\t\t<\/div>\n\t\t\t\t\t<\/div>\n\t\t\t\t<\/div>\n\t\t\t\t<div class=\"row\">\n\t\t\t\t\t<div class=\"col-lg-6\">\n\t\t\t\t\t\t<div class=\"square-box square-box1\"  style=\"background-image:url(https:\/\/spajz.sk\/wp-content\/uploads\/2022\/01\/Ilustracna-fotka-3.png)\">\n\t\t\t\t\t\t\t<div class=\"obsah\">\n\t\t\t\t\t\t\t\t<p class=\"nadpis\">Z\u00edska\u0165 jed\u00e1lni\u010dek<\/p>\n\t\t\t\t\t\t\t\t<a href=\"#jedalnicek\">Megn\u00e9zem<\/a>\n\t\t\t\t\t\t\t<\/div>\n\t\t\t\t\t\t<\/div>\n\t\t\t\t\t<\/div>\n\t\t\t\t\t<div class=\"col-lg-6\">\n\t\t\t\t\t\t<div class=\"square-box square-box2\"  style=\"background-image:url(https:\/\/spajz.sk\/wp-content\/uploads\/2022\/10\/fotka-do-textu-2.png)\">\n\t\t\t\t\t\t<div class=\"obsah\">\n\t\t\t\t\t\t\t<p class=\"nadpis\">Zdrav\u00e1 strava<\/p>\n\t\t\t\t\t\t\t<a href=\"\/zdravie_taxonomy\/zdrava-strava\/\">Megn\u00e9zem<\/a>\n\t\t\t\t\t\t<\/div>\n\t\t\t\t\t\t<\/div>\n\t\t\t\t\t<\/div>\n\t\t\t\t<\/div>\n\t\t\t<\/div>\n\t<\/div>\n<\/section>\n","protected":false},"excerpt":{"rendered":"","protected":false},"author":1,"featured_media":0,"parent":0,"menu_order":0,"comment_status":"closed","ping_status":"closed","template":"template-zdravie.php","meta":{"om_disable_all_campaigns":false,"_monsterinsights_skip_tracking":false,"_monsterinsights_sitenote_active":false,"_monsterinsights_sitenote_note":"","_monsterinsights_sitenote_category":0},"aioseo_notices":[],"yoast_head":"<!-- This site is optimized with the Yoast SEO plugin v17.5 - https:\/\/yoast.com\/wordpress\/plugins\/seo\/ -->\n<meta name=\"robots\" content=\"index, follow, max-snippet:-1, max-image-preview:large, max-video-preview:-1\" \/>\n<link rel=\"canonical\" href=\"https:\/\/spajz.sk\/hu\/egeszseg\/\" \/>\n<meta property=\"og:locale\" content=\"hu_HU\" \/>\n<meta property=\"og:type\" content=\"article\" \/>\n<meta property=\"og:title\" content=\"Az eg\u00e9szs\u00e9ges \u00e9letm\u00f3d - \u0160pajz\" \/>\n<meta property=\"og:url\" content=\"https:\/\/spajz.sk\/hu\/egeszseg\/\" \/>\n<meta property=\"og:site_name\" content=\"\u0160pajz\" \/>\n<meta property=\"article:modified_time\" content=\"2023-05-02T09:12:29+00:00\" \/>\n<meta name=\"twitter:card\" content=\"summary_large_image\" \/>\n<script type=\"application\/ld+json\" class=\"yoast-schema-graph\">{\"@context\":\"https:\/\/schema.org\",\"@graph\":[{\"@type\":\"WebSite\",\"@id\":\"https:\/\/spajz.sk\/#website\",\"url\":\"https:\/\/spajz.sk\/\",\"name\":\"\\u0160pajz\",\"description\":\"Najlep\\u0161ie info z na\\u0161ej \\u0161pajze\",\"potentialAction\":[{\"@type\":\"SearchAction\",\"target\":{\"@type\":\"EntryPoint\",\"urlTemplate\":\"https:\/\/spajz.sk\/?s={search_term_string}\"},\"query-input\":\"required name=search_term_string\"}],\"inLanguage\":\"hu\"},{\"@type\":\"WebPage\",\"@id\":\"https:\/\/spajz.sk\/hu\/egeszseg\/#webpage\",\"url\":\"https:\/\/spajz.sk\/hu\/egeszseg\/\",\"name\":\"Az eg\\u00e9szs\\u00e9ges \\u00e9letm\\u00f3d - \\u0160pajz\",\"isPartOf\":{\"@id\":\"https:\/\/spajz.sk\/#website\"},\"datePublished\":\"2023-04-01T20:47:00+00:00\",\"dateModified\":\"2023-05-02T09:12:29+00:00\",\"breadcrumb\":{\"@id\":\"https:\/\/spajz.sk\/hu\/egeszseg\/#breadcrumb\"},\"inLanguage\":\"hu\",\"potentialAction\":[{\"@type\":\"ReadAction\",\"target\":[\"https:\/\/spajz.sk\/hu\/egeszseg\/\"]}]},{\"@type\":\"BreadcrumbList\",\"@id\":\"https:\/\/spajz.sk\/hu\/egeszseg\/#breadcrumb\",\"itemListElement\":[{\"@type\":\"ListItem\",\"position\":1,\"name\":\"Domovsk\\u00e1 str\\u00e1nka\",\"item\":\"https:\/\/spajz.sk\/hu\/\"},{\"@type\":\"ListItem\",\"position\":2,\"name\":\"Az eg\\u00e9szs\\u00e9ges \\u00e9letm\\u00f3d\"}]}]}<\/script>\n<!-- \/ Yoast SEO plugin. -->","yoast_head_json":{"robots":{"index":"index","follow":"follow","max-snippet":"max-snippet:-1","max-image-preview":"max-image-preview:large","max-video-preview":"max-video-preview:-1"},"canonical":"https:\/\/spajz.sk\/hu\/egeszseg\/","og_locale":"hu_HU","og_type":"article","og_title":"Az eg\u00e9szs\u00e9ges \u00e9letm\u00f3d - \u0160pajz","og_url":"https:\/\/spajz.sk\/hu\/egeszseg\/","og_site_name":"\u0160pajz","article_modified_time":"2023-05-02T09:12:29+00:00","twitter_card":"summary_large_image","schema":{"@context":"https:\/\/schema.org","@graph":[{"@type":"WebSite","@id":"https:\/\/spajz.sk\/#website","url":"https:\/\/spajz.sk\/","name":"\u0160pajz","description":"Najlep\u0161ie info z na\u0161ej \u0161pajze","potentialAction":[{"@type":"SearchAction","target":{"@type":"EntryPoint","urlTemplate":"https:\/\/spajz.sk\/?s={search_term_string}"},"query-input":"required name=search_term_string"}],"inLanguage":"hu"},{"@type":"WebPage","@id":"https:\/\/spajz.sk\/hu\/egeszseg\/#webpage","url":"https:\/\/spajz.sk\/hu\/egeszseg\/","name":"Az eg\u00e9szs\u00e9ges \u00e9letm\u00f3d - \u0160pajz","isPartOf":{"@id":"https:\/\/spajz.sk\/#website"},"datePublished":"2023-04-01T20:47:00+00:00","dateModified":"2023-05-02T09:12:29+00:00","breadcrumb":{"@id":"https:\/\/spajz.sk\/hu\/egeszseg\/#breadcrumb"},"inLanguage":"hu","potentialAction":[{"@type":"ReadAction","target":["https:\/\/spajz.sk\/hu\/egeszseg\/"]}]},{"@type":"BreadcrumbList","@id":"https:\/\/spajz.sk\/hu\/egeszseg\/#breadcrumb","itemListElement":[{"@type":"ListItem","position":1,"name":"Domovsk\u00e1 str\u00e1nka","item":"https:\/\/spajz.sk\/hu\/"},{"@type":"ListItem","position":2,"name":"Az eg\u00e9szs\u00e9ges \u00e9letm\u00f3d"}]}]}},"_links":{"self":[{"href":"https:\/\/spajz.sk\/hu\/wp-json\/wp\/v2\/pages\/2340"}],"collection":[{"href":"https:\/\/spajz.sk\/hu\/wp-json\/wp\/v2\/pages"}],"about":[{"href":"https:\/\/spajz.sk\/hu\/wp-json\/wp\/v2\/types\/page"}],"author":[{"embeddable":true,"href":"https:\/\/spajz.sk\/hu\/wp-json\/wp\/v2\/users\/1"}],"replies":[{"embeddable":true,"href":"https:\/\/spajz.sk\/hu\/wp-json\/wp\/v2\/comments?post=2340"}],"version-history":[{"count":43,"href":"https:\/\/spajz.sk\/hu\/wp-json\/wp\/v2\/pages\/2340\/revisions"}],"predecessor-version":[{"id":3058,"href":"https:\/\/spajz.sk\/hu\/wp-json\/wp\/v2\/pages\/2340\/revisions\/3058"}],"wp:attachment":[{"href":"https:\/\/spajz.sk\/hu\/wp-json\/wp\/v2\/media?parent=2340"}],"curies":[{"name":"wp","href":"https:\/\/api.w.org\/{rel}","templated":true}]}}